{"id":93,"date":"2014-07-01T19:40:12","date_gmt":"2014-07-01T19:40:12","guid":{"rendered":"http:\/\/funhabit.org.ec\/?page_id=93"},"modified":"2019-04-29T23:00:00","modified_gmt":"2019-04-29T23:00:00","slug":"informacion-general-sobre-la-fundacion","status":"publish","type":"page","link":"https:\/\/funhabit.org.ec\/?page_id=93","title":{"rendered":"la fundaci\u00f3n"},"content":{"rendered":"<h2 style=\"text-align: justify;\">MISI\u00d3N<\/h2>\n<p style=\"text-align: justify;\">Fortalecer las capacidades de los grupos menos favorecidos del \u00e1rea urbana y rural en la construcci\u00f3n de vivienda y el manejo de sistemas constructivos apropiados.<\/p>\n<p style=\"text-align: justify;\">Apoya el desarrollo de sistemas productivos agr\u00edcolas sustentables, procesos de fortalecimiento organizacional para mejorar la relaci\u00f3n con el entorno.<\/p>\n<p style=\"text-align: justify;\">Funhabit favorece y coordina acciones con grupos afines y participa como actor en espacios de reflexi\u00f3n y decisi\u00f3n de propuestas y pol\u00edticas p\u00fablicas de desarrollo.<\/p>\n<h2 style=\"text-align: justify;\">VISI\u00d3N<\/h2>\n<p style=\"text-align: justify;\">Ser una instituci\u00f3n reconocida como actor de la sociedad civil, que acompa\u00f1a de manera pertinente\u00a0procesos de desarrollo sostenible, para mejorar las condiciones y calidad del h\u00e1bitat de los grupos<br \/>\nmeta trav\u00e9s de un manejo adecuado de los recursos naturales.<\/p>\n<h3 style=\"text-align: justify;\">OBJETIVOS SOCIALES<\/h3>\n<p style=\"text-align: justify;\">Lograr un h\u00e1bitat adecuado para los sectores populares urbanos y rurales, a trav\u00e9s del mejoramiento de las condiciones sociales, econ\u00f3micas y ecol\u00f3gicas del medio<\/p>\n<h3 style=\"text-align: justify;\">OBJETIVOS T\u00c9CNICOS<\/h3>\n<ul style=\"text-align: justify;\">\n<li>Priorizar e impulsar acciones concretas y realizaciones con participaci\u00f3n comunitaria, favoreciendo la gesti\u00f3n y decisi\u00f3n aut\u00f3noma de las organizaciones populares.<\/li>\n<li>Realizar procesos de capacitaci\u00f3n en los que por un lado, se genere la posibilidad de enfrentar con el medio; y por otro, se presenten nuevas opciones econ\u00f3micas, sociales y culturales apropiadas para enfrentar la situaci\u00f3n.<\/li>\n<li>Fomentar el desarrollo progresivo de tecnolog\u00edas adecuadas a la utilizaci\u00f3n de materiales y recursos locales, en construcci\u00f3n, saneamiento, y agro-ecolog\u00eda.<\/li>\n<li>Constituirse en un centro de promoci\u00f3n y discusi\u00f3n de la problem\u00e1tica del h\u00e1bitat popular.<\/li>\n<li>Coordinar y colaborar con instituciones afines en tareas de capacitaci\u00f3n, intercambio y estudio; dar la mas amplia difusi\u00f3n de los fines y realizaciones de la Fundaci\u00f3n<\/li>\n<\/ul>\n<h3 style=\"text-align: justify;\">ESTRAT\u00c9GIAS<\/h3>\n<ol style=\"text-align: justify;\">\n<li>Capacitaci\u00f3n y formaci\u00f3n de promotores en agro-ecolog\u00eda<\/li>\n<li>Mejoramiento integral de la vivienda rural y urbana<\/li>\n<li>Fortalecimiento organizacional<\/li>\n<li>Fortalecimiento de centros de Funhabit<\/li>\n<li>Fortalecimiento institucional<\/li>\n<\/ol>\n<h3 style=\"text-align: justify;\">POL\u00cdTICAS<\/h3>\n<ul>\n<li style=\"text-align: justify;\">Concertaci\u00f3n y participaci\u00f3n de involucrados (ni\u00f1os, mujeres, j\u00f3venes y ancianos).<\/li>\n<li style=\"text-align: justify;\">Promover proyectos productivos y de generaci\u00f3n de empleo en las comunidades.<\/li>\n<li style=\"text-align: justify;\">Coordinar con otras ONG&#8217;s, instituciones sectoriales y otros para ampliar la oferta de apoyo a la comunidad.<\/li>\n<li style=\"text-align: justify;\">Tener metas claras e indicadores de medici\u00f3n apropiados, medir procesos mas que resultados inmediatos, involucrar a la gente y tener indicadores de eficiencia y de partida una visi\u00f3n de conjunto por proyecto y para la instituci\u00f3n.<\/li>\n<\/ul>\n","protected":false},"excerpt":{"rendered":"<p>MISI\u00d3N Fortalecer las capacidades de los grupos menos favorecidos del \u00e1rea urbana y rural en la construcci\u00f3n de vivienda y el manejo de sistemas constructivos apropiados. Apoya el desarrollo de sistemas productivos agr\u00edcolas sustentables, procesos de fortalecimiento organizacional para mejorar la relaci\u00f3n con el entorno. Funhabit favorece y coordina acciones con grupos afines y participa [&hellip;]<\/p>\n","protected":false},"author":1,"featured_media":0,"parent":13,"menu_order":0,"comment_status":"closed","ping_status":"closed","template":"","meta":[],"_links":{"self":[{"href":"https:\/\/funhabit.org.ec\/index.php?rest_route=\/wp\/v2\/pages\/93"}],"collection":[{"href":"https:\/\/funhabit.org.ec\/index.php?rest_route=\/wp\/v2\/pages"}],"about":[{"href":"https:\/\/funhabit.org.ec\/index.php?rest_route=\/wp\/v2\/types\/page"}],"author":[{"embeddable":true,"href":"https:\/\/funhabit.org.ec\/index.php?rest_route=\/wp\/v2\/users\/1"}],"replies":[{"embeddable":true,"href":"https:\/\/funhabit.org.ec\/index.php?rest_route=%2Fwp%2Fv2%2Fcomments&post=93"}],"version-history":[{"count":8,"href":"https:\/\/funhabit.org.ec\/index.php?rest_route=\/wp\/v2\/pages\/93\/revisions"}],"predecessor-version":[{"id":933,"href":"https:\/\/funhabit.org.ec\/index.php?rest_route=\/wp\/v2\/pages\/93\/revisions\/933"}],"up":[{"embeddable":true,"href":"https:\/\/funhabit.org.ec\/index.php?rest_route=\/wp\/v2\/pages\/13"}],"wp:attachment":[{"href":"https:\/\/funhabit.org.ec\/index.php?rest_route=%2Fwp%2Fv2%2Fmedia&parent=93"}],"curies":[{"name":"wp","href":"https:\/\/api.w.org\/{rel}","templated":true}]}}