{"id":732,"date":"2019-04-04T03:36:39","date_gmt":"2019-04-04T03:36:39","guid":{"rendered":"http:\/\/funhabit.org.ec\/?page_id=732"},"modified":"2019-07-11T10:22:15","modified_gmt":"2019-07-11T10:22:15","slug":"nuestra-filosofia","status":"publish","type":"page","link":"https:\/\/funhabit.org.ec\/?page_id=732","title":{"rendered":"NUESTRA FILOSOFIA"},"content":{"rendered":"<p>Trabajando desde la abundacia, inspira y amplia la visi\u00f3n de los grupos de trabajo hacia un Plan de Vida<\/p>\n<p>El proceso de crecimiento y aprendizaje, se basa en el intercambio de experiencias, conocimientos, saberes, adem\u00e1s, de los testimonios que nos alertan de las posibles acciones, reacciones y dificultades a enfrentar en busca del \u00e9xito. Los protagonistas en estos espacios de formaci\u00f3n, son los mismos campesino, montubios o ind\u00edgenas, todos muestran con avances en la parcela o finca, los nuevos productos su manejo y consumo, los facilitadores o t\u00e9cnicos est\u00e1n para apoyar las iniciativas que can desde estos grupos y espacios, est\u00e1n para escuchar, aprender y compartir desde las realidades y necesidades de los campesinos, etc.<\/p>\n<p><img decoding=\"async\" loading=\"lazy\" class=\"img\" src=\"https:\/\/scontent.fuio4-1.fna.fbcdn.net\/v\/t1.0-0\/c33.0.200.200a\/p200x200\/40661160_2145785165454203_5352409044801814528_n.jpg?_nc_cat=109&amp;_nc_ht=scontent.fuio4-1.fna&amp;oh=204dae087db18dab9e85df9f563a6ce5&amp;oe=5D504605\" alt=\"La imagen puede contener: una o varias personas y comida\" width=\"200\" height=\"200\" \/>\u00a0\u00a0 <img decoding=\"async\" loading=\"lazy\" class=\"img\" src=\"https:\/\/scontent.fuio4-1.fna.fbcdn.net\/v\/t1.0-0\/c66.0.200.200a\/p200x200\/43117219_2183802054985847_9218968570094944256_n.jpg?_nc_cat=107&amp;_nc_ht=scontent.fuio4-1.fna&amp;oh=0024d7723a8540adcf705db27dd8f41f&amp;oe=5D0D2531\" alt=\"La imagen puede contener: una persona, mesa y exterior\" width=\"200\" height=\"200\" \/><\/p>\n<p>&nbsp;<\/p>\n","protected":false},"excerpt":{"rendered":"<p>Trabajando desde la abundacia, inspira y amplia la visi\u00f3n de los grupos de trabajo hacia un Plan de Vida El proceso de crecimiento y aprendizaje, se basa en el intercambio de experiencias, conocimientos, saberes, adem\u00e1s, de los testimonios que nos alertan de las posibles acciones, reacciones y dificultades a enfrentar en busca del \u00e9xito. Los [&hellip;]<\/p>\n","protected":false},"author":1,"featured_media":0,"parent":0,"menu_order":0,"comment_status":"closed","ping_status":"closed","template":"","meta":[],"_links":{"self":[{"href":"https:\/\/funhabit.org.ec\/index.php?rest_route=\/wp\/v2\/pages\/732"}],"collection":[{"href":"https:\/\/funhabit.org.ec\/index.php?rest_route=\/wp\/v2\/pages"}],"about":[{"href":"https:\/\/funhabit.org.ec\/index.php?rest_route=\/wp\/v2\/types\/page"}],"author":[{"embeddable":true,"href":"https:\/\/funhabit.org.ec\/index.php?rest_route=\/wp\/v2\/users\/1"}],"replies":[{"embeddable":true,"href":"https:\/\/funhabit.org.ec\/index.php?rest_route=%2Fwp%2Fv2%2Fcomments&post=732"}],"version-history":[{"count":8,"href":"https:\/\/funhabit.org.ec\/index.php?rest_route=\/wp\/v2\/pages\/732\/revisions"}],"predecessor-version":[{"id":1006,"href":"https:\/\/funhabit.org.ec\/index.php?rest_route=\/wp\/v2\/pages\/732\/revisions\/1006"}],"wp:attachment":[{"href":"https:\/\/funhabit.org.ec\/index.php?rest_route=%2Fwp%2Fv2%2Fmedia&parent=732"}],"curies":[{"name":"wp","href":"https:\/\/api.w.org\/{rel}","templated":true}]}}