{"id":62,"date":"2014-07-01T16:39:57","date_gmt":"2014-07-01T16:39:57","guid":{"rendered":"http:\/\/funhabit.org.ec\/?page_id=62"},"modified":"2019-07-11T10:36:16","modified_gmt":"2019-07-11T10:36:16","slug":"donde-trabajamos","status":"publish","type":"page","link":"https:\/\/funhabit.org.ec\/?page_id=62","title":{"rendered":"NUESTRO RECORRIDO"},"content":{"rendered":"<p>&nbsp;<\/p>\n<p style=\"padding-left: 120px; text-align: center;\">Ecuador es un peque\u00f1o pa\u00eds de Am\u00e9rica del Sur ubicado en la Mitad del Mundo.<\/p>\n<p style=\"text-align: left;\"><a href=\"http:\/\/funhabit.org.ec\/wp-content\/uploads\/2014\/07\/pujili.png\"><img decoding=\"async\" loading=\"lazy\" class=\"size-medium wp-image-545 aligncenter\" src=\"http:\/\/funhabit.org.ec\/wp-content\/uploads\/2014\/07\/latin-america-300x300.png\" alt=\"mapa America Latina\" width=\"300\" height=\"300\" srcset=\"https:\/\/funhabit.org.ec\/wp-content\/uploads\/2014\/07\/latin-america-300x300.png 300w, https:\/\/funhabit.org.ec\/wp-content\/uploads\/2014\/07\/latin-america-150x150.png 150w, https:\/\/funhabit.org.ec\/wp-content\/uploads\/2014\/07\/latin-america-1024x1024.png 1024w, https:\/\/funhabit.org.ec\/wp-content\/uploads\/2014\/07\/latin-america.png 1125w\" sizes=\"(max-width: 300px) 100vw, 300px\" \/><\/a><\/p>\n<p style=\"padding-left: 120px; text-align: center;\">La provincia de Cotopaxi se ubica en el centro del Ecuador, est\u00e1\u00a0cerca de otras provincias de la Sierra ecuatoriana y por su localizaci\u00f3n es f\u00e1cil acceder hacia la Costa y el Oriente. Es atravesada por la Cordillera de los Andes por lo que la mayor\u00eda de sus poblados se ubican sobre los 2.500 m.s.n.m.<\/p>\n<p style=\"text-align: left;\"><a href=\"http:\/\/funhabit.org.ec\/wp-content\/uploads\/2014\/07\/pujili.png\"><img decoding=\"async\" loading=\"lazy\" class=\"size-medium wp-image-556 aligncenter\" src=\"http:\/\/funhabit.org.ec\/wp-content\/uploads\/2014\/07\/ecuador-300x300.png\" alt=\"Mapa Ecuador\" width=\"300\" height=\"300\" srcset=\"https:\/\/funhabit.org.ec\/wp-content\/uploads\/2014\/07\/ecuador-300x300.png 300w, https:\/\/funhabit.org.ec\/wp-content\/uploads\/2014\/07\/ecuador-150x150.png 150w, https:\/\/funhabit.org.ec\/wp-content\/uploads\/2014\/07\/ecuador-1024x1024.png 1024w, https:\/\/funhabit.org.ec\/wp-content\/uploads\/2014\/07\/ecuador.png 1125w\" sizes=\"(max-width: 300px) 100vw, 300px\" \/><\/a><\/p>\n<p style=\"padding-left: 120px; text-align: center;\">Funhabit trabaja en comunidades ubicadas en los cantones de La Man\u00e1, Pujil\u00ed y Sigchos de la provincia de Cotopaxi.<\/p>\n<p style=\"text-align: center;\"><a href=\"http:\/\/funhabit.org.ec\/wp-content\/uploads\/2014\/07\/pujili.png\"><img decoding=\"async\" loading=\"lazy\" class=\"size-medium wp-image-547 aligncenter\" src=\"http:\/\/funhabit.org.ec\/wp-content\/uploads\/2014\/07\/pujili-300x300.png\" alt=\"Mapa Cotopaxi\" width=\"300\" height=\"300\" srcset=\"https:\/\/funhabit.org.ec\/wp-content\/uploads\/2014\/07\/pujili-300x300.png 300w, https:\/\/funhabit.org.ec\/wp-content\/uploads\/2014\/07\/pujili-150x150.png 150w, https:\/\/funhabit.org.ec\/wp-content\/uploads\/2014\/07\/pujili-1024x1024.png 1024w, https:\/\/funhabit.org.ec\/wp-content\/uploads\/2014\/07\/pujili.png 1125w\" sizes=\"(max-width: 300px) 100vw, 300px\" \/><\/a> <a href=\"http:\/\/funhabit.org.ec\/wp-content\/uploads\/2014\/07\/latin-america.png\">Adem\u00e1s, brinda asesor\u00eda t\u00e9cnica en todos y cada uno de los componentes del H\u00e1bitat Rural Integral a nivel Nacional, es decir, en donde se requieren de sus servicios<br \/>\n<\/a><\/p>\n","protected":false},"excerpt":{"rendered":"<p>&nbsp; Ecuador es un peque\u00f1o pa\u00eds de Am\u00e9rica del Sur ubicado en la Mitad del Mundo. La provincia de Cotopaxi se ubica en el centro del Ecuador, est\u00e1\u00a0cerca de otras provincias de la Sierra ecuatoriana y por su localizaci\u00f3n es f\u00e1cil acceder hacia la Costa y el Oriente. Es atravesada por la Cordillera de los [&hellip;]<\/p>\n","protected":false},"author":1,"featured_media":0,"parent":0,"menu_order":3,"comment_status":"closed","ping_status":"closed","template":"","meta":[],"_links":{"self":[{"href":"https:\/\/funhabit.org.ec\/index.php?rest_route=\/wp\/v2\/pages\/62"}],"collection":[{"href":"https:\/\/funhabit.org.ec\/index.php?rest_route=\/wp\/v2\/pages"}],"about":[{"href":"https:\/\/funhabit.org.ec\/index.php?rest_route=\/wp\/v2\/types\/page"}],"author":[{"embeddable":true,"href":"https:\/\/funhabit.org.ec\/index.php?rest_route=\/wp\/v2\/users\/1"}],"replies":[{"embeddable":true,"href":"https:\/\/funhabit.org.ec\/index.php?rest_route=%2Fwp%2Fv2%2Fcomments&post=62"}],"version-history":[{"count":13,"href":"https:\/\/funhabit.org.ec\/index.php?rest_route=\/wp\/v2\/pages\/62\/revisions"}],"predecessor-version":[{"id":1020,"href":"https:\/\/funhabit.org.ec\/index.php?rest_route=\/wp\/v2\/pages\/62\/revisions\/1020"}],"wp:attachment":[{"href":"https:\/\/funhabit.org.ec\/index.php?rest_route=%2Fwp%2Fv2%2Fmedia&parent=62"}],"curies":[{"name":"wp","href":"https:\/\/api.w.org\/{rel}","templated":true}]}}